{"id":187,"date":"2025-06-21T10:21:34","date_gmt":"2025-06-21T10:21:34","guid":{"rendered":"https:\/\/www.vestral.sk\/dekarbo\/?page_id=187"},"modified":"2025-10-04T13:47:40","modified_gmt":"2025-10-04T13:47:40","slug":"cistenie-ozonom","status":"publish","type":"page","link":"https:\/\/dekarbo-trnava.sk\/index.php\/cistenie-ozonom\/","title":{"rendered":"Dezinfekcia vozidla"},"content":{"rendered":"\n<p class=\"has-text-align-center has-foreground-color has-text-color has-link-color wp-elements-a77431fda1925404ccc2f1a4e50c1906 tw-block-animation tw-animation-fade-in\">Zbavte svoje vozidlo bakt\u00e9ri\u00ed, v\u00edrusov, plesn\u00ed aj nepr\u00edjemn\u00fdch pachov \u2013 \u00fa\u010dinne, ekologicky a bez ch\u00e9mie.<br>Oz\u00f3nov\u00e1 dezinfekcia prenik\u00e1 do v\u0161etk\u00fdch \u010dast\u00ed interi\u00e9ru, neutralizuje z\u00e1pachy z cigariet, potu, jedla \u010di zvierat a z\u00e1rove\u0148 ni\u010d\u00ed mikroorganizmy, ktor\u00e9 ohrozuj\u00fa va\u0161e zdravie.<br>Proces trv\u00e1 len 20 a\u017e 60 min\u00fat a po vyvetran\u00ed je vozidlo pripraven\u00e9 na \u010dist\u00fa a svie\u017eu jazdu.<br>Ide\u00e1lne po servise, pre alergikov, alebo pred predajom auta \u2013 interi\u00e9r bude ako nov\u00fd.<\/p>\n\n\n\n<div class=\"wp-block-group alignfull gutenify-section-6017f360-0c0b-11ee-b09c-4b7018a9c015 is-layout-constrained wp-container-core-group-is-layout-955c507f wp-block-group-is-layout-constrained\" style=\"padding-top:100px;padding-right:30px;padding-bottom:100px;padding-left:30px\">\n<div class=\"wp-block-columns alignwide gutenify-section-600fdd10-0c0b-11ee-b09c-4b7018a9c015 is-layout-flex wp-container-core-columns-is-layout-46db858a wp-block-columns-is-layout-flex\" style=\"padding-top:0;padding-right:0;padding-bottom:0;padding-left:0\">\n<div class=\"wp-block-column is-vertically-aligned-center grayscale gutenify-section-600c0c80-0c0b-11ee-b09c-4b7018a9c015 is-layout-flow wp-block-column-is-layout-flow\" style=\"flex-basis:50%\">\n<div class=\"wp-block-cover is-light has-custom-content-position is-position-bottom-left gutenify-section-bd5b2d00-e427-11ed-aa12-7b96afc3ead5 tw-sm-hidden tw-block-animation tw-animation-wipe-left\" style=\"border-radius:12px;padding-top:var(--wp--preset--spacing--50);padding-right:var(--wp--preset--spacing--50);padding-bottom:var(--wp--preset--spacing--50);padding-left:var(--wp--preset--spacing--50);min-height:734px;aspect-ratio:unset;\"><img fetchpriority=\"high\" decoding=\"async\" width=\"2000\" height=\"2000\" sizes=\"(max-width: 799px) 200vw, (max-width: 2000px) 100vw, 2000px\" class=\"wp-block-cover__image-background wp-image-416 size-full\" alt=\"\" src=\"https:\/\/dekarbo-trnava.sk\/wp-content\/uploads\/2025\/10\/f8294aed-1d67-4915-81c6-eb387f30eba9.avif\" data-object-fit=\"cover\" srcset=\"https:\/\/dekarbo-trnava.sk\/wp-content\/uploads\/2025\/10\/f8294aed-1d67-4915-81c6-eb387f30eba9.avif 2000w, https:\/\/dekarbo-trnava.sk\/wp-content\/uploads\/2025\/10\/f8294aed-1d67-4915-81c6-eb387f30eba9-300x300.avif 300w, https:\/\/dekarbo-trnava.sk\/wp-content\/uploads\/2025\/10\/f8294aed-1d67-4915-81c6-eb387f30eba9-1024x1024.avif 1024w, https:\/\/dekarbo-trnava.sk\/wp-content\/uploads\/2025\/10\/f8294aed-1d67-4915-81c6-eb387f30eba9-150x150.avif 150w, https:\/\/dekarbo-trnava.sk\/wp-content\/uploads\/2025\/10\/f8294aed-1d67-4915-81c6-eb387f30eba9-768x768.avif 768w, https:\/\/dekarbo-trnava.sk\/wp-content\/uploads\/2025\/10\/f8294aed-1d67-4915-81c6-eb387f30eba9-1536x1536.avif 1536w\" \/><span aria-hidden=\"true\" class=\"wp-block-cover__background has-background-dim-0 has-background-dim has-background-gradient\" style=\"background-color:#acacad;background:linear-gradient(270deg,rgba(0,0,0,0) 88%,rgb(255,255,255) 88%)\"><\/span><div class=\"wp-block-cover__inner-container is-layout-flow wp-block-cover-is-layout-flow\">\n<p class=\"has-text-align-center has-large-font-size\"><\/p>\n<\/div><\/div>\n<\/div>\n\n\n\n<div class=\"wp-block-column is-vertically-aligned-center gutenify-section-600f67e0-0c0b-11ee-b09c-4b7018a9c015 is-layout-flow wp-block-column-is-layout-flow\" style=\"padding-top:40px;padding-right:40px;padding-bottom:40px;padding-left:40px\">\n<div class=\"wp-block-group alignwide gutenify-section-600ef2b0-0c0b-11ee-b09c-4b7018a9c015 is-layout-constrained wp-container-core-group-is-layout-26420631 wp-block-group-is-layout-constrained\">\n<h2 class=\"wp-block-heading gutenify-section-600d1df0-0c0b-11ee-b09c-4b7018a9c015 has-slider-title-font-size tw-block-animation tw-animation-fade-in-up\" style=\"font-style:normal;font-weight:600;text-transform:capitalize\">\u010co je to oz\u00f3n?<\/h2>\n\n\n\n<p class=\"gutenify-section-600d6c10-0c0b-11ee-b09c-4b7018a9c015 has-foreground-color has-text-color has-link-color wp-elements-bef8a965b5c40cb4ef3d7801af079fa6 tw-block-animation tw-animation-fade-in\">Oz\u00f3n je pr\u00edrodn\u00fd plyn, ktor\u00fd vznik\u00e1 z kysl\u00edka \u2013 ale m\u00e1 o jeden at\u00f3m navy\u0161e.<br>Je extr\u00e9mne siln\u00fd, ke\u010f ide o ni\u010denie bakt\u00e9ri\u00ed, v\u00edrusov \u010di z\u00e1pachu \u2013 pr\u00e1ve preto ho pou\u017e\u00edvame na dezinfekciu.<\/p>\n\n\n\n<p class=\"has-foreground-color has-text-color has-link-color wp-elements-845b8db35d44a8e3bf10ee0178323a39 tw-block-animation tw-animation-fade-in\">Vznik\u00e1 napr\u00edklad aj po\u010das b\u00farky: blesk roz\u0161tiepi molekuly kysl\u00edka a tie sa znovu spoja do trojat\u00f3movej formy \u2013 O\u2083. A pr\u00e1ve to je oz\u00f3n.<\/p>\n\n\n\n<p class=\"has-foreground-color has-text-color has-link-color wp-elements-dd6050c33651488e1dc87f8f42578f59 tw-block-animation tw-animation-fade-in\">Po\u010das \u010distenia m\u00e1 s\u00edce v\u00fdrazn\u00fd z\u00e1pach, no ke\u010f svoju pr\u00e1cu dokon\u010d\u00ed, r\u00fdchlo sa rozlo\u017e\u00ed sp\u00e4\u0165 na oby\u010dajn\u00fd kysl\u00edk.<br>Je \u00fa\u010dinn\u00fd, ekologick\u00fd a bezpe\u010dn\u00fd \u2013 ak sa pou\u017e\u00edva spr\u00e1vne.<\/p>\n\n\n\n<div class=\"wp-block-group gutenify-section-bd5ed680-e427-11ed-aa12-7b96afc3ead5 is-layout-constrained wp-block-group-is-layout-constrained tw-block-animation tw-animation-fade-in-up\">\n<div class=\"wp-block-buttons gutenify-section-bd5e6150-e427-11ed-aa12-7b96afc3ead5 is-content-justification-left is-layout-flex wp-container-core-buttons-is-layout-cf27a859 wp-block-buttons-is-layout-flex\" style=\"margin-top:35px;margin-bottom:20px\">\n<div class=\"wp-block-button is-style-fill gutenify-section-bd5e3a40-e427-11ed-aa12-7b96afc3ead5\"><a class=\"wp-block-button__link wp-element-button\" href=\"https:\/\/dekarbo-trnava.sk\/index.php\/kontakt\/\">Kontaktova\u0165<\/a><\/div>\n<\/div>\n<\/div>\n<\/div>\n<\/div>\n<\/div>\n<\/div>\n\n\n\n<div class=\"wp-block-group alignfull gutenify-section-6017f360-0c0b-11ee-b09c-4b7018a9c015 is-layout-constrained wp-container-core-group-is-layout-955c507f wp-block-group-is-layout-constrained\" style=\"padding-top:100px;padding-right:30px;padding-bottom:100px;padding-left:30px\">\n<div class=\"wp-block-columns alignwide gutenify-section-600fdd10-0c0b-11ee-b09c-4b7018a9c015 is-layout-flex wp-container-core-columns-is-layout-46db858a wp-block-columns-is-layout-flex\" style=\"padding-top:0;padding-right:0;padding-bottom:0;padding-left:0\">\n<div class=\"wp-block-column is-vertically-aligned-center gutenify-section-600f67e0-0c0b-11ee-b09c-4b7018a9c015 is-layout-flow wp-block-column-is-layout-flow\" style=\"padding-top:40px;padding-right:40px;padding-bottom:40px;padding-left:40px\">\n<div class=\"wp-block-group alignwide gutenify-section-600ef2b0-0c0b-11ee-b09c-4b7018a9c015 is-layout-constrained wp-container-core-group-is-layout-26420631 wp-block-group-is-layout-constrained\" style=\"border-radius:13px\">\n<h2 class=\"wp-block-heading has-text-align-center gutenify-section-600d1df0-0c0b-11ee-b09c-4b7018a9c015 has-slider-title-font-size tw-block-animation tw-animation-fade-in-up\" style=\"font-style:normal;font-weight:600;text-transform:capitalize\">\u010co v\u0161etko oz\u00f3n zvl\u00e1dne?<\/h2>\n\n\n\n<h3 class=\"wp-block-heading has-text-align-left gutenify-section-600d6c10-0c0b-11ee-b09c-4b7018a9c015 tw-block-animation tw-animation-fade-in-up\">\ud83e\udda0 <strong>Bakt\u00e9rie a v\u00edrusy<\/strong><\/h3>\n\n\n\n<p class=\"has-foreground-color has-text-color has-link-color wp-elements-07afef02462a136d76726a4c7e1cfb54 tw-block-animation tw-animation-fade-in\">Oz\u00f3n ni\u010d\u00ed \u0161kodliv\u00e9 mikroorganizmy u\u017e pri kontakte \u2013 \u017eiadne chemik\u00e1lie, \u017eiadne zvy\u0161ky, len \u010dist\u00fd vzduch bez bakt\u00e9ri\u00ed a v\u00edrusov, ktor\u00e9 sp\u00f4sobuj\u00fa choroby a z\u00e1pach.<\/p>\n\n\n\n<h3 class=\"wp-block-heading tw-block-animation tw-animation-fade-in-up\">\ud83e\uddeb <strong>Plesne<\/strong><\/h3>\n\n\n\n<p class=\"has-foreground-color has-text-color has-link-color wp-elements-e962a15a38796be2cc38d93a45fe807f tw-block-animation tw-animation-fade-in\">Zatuchnut\u00fd pach, nevidite\u013en\u00e9 sp\u00f3ry na sten\u00e1ch a alergie? Oz\u00f3n si s ples\u0148ami porad\u00ed nielen fyzicky, ale z\u00e1rove\u0148 odstr\u00e1ni aj ich z\u00e1pach \u2013 \u00fa\u010dinne a bez drhnutia.<\/p>\n\n\n\n<h3 class=\"wp-block-heading tw-block-animation tw-animation-fade-in-up\">\ud83d\udca8 <strong>Nepr\u00edjemn\u00e9 pachy<\/strong><\/h3>\n\n\n\n<p class=\"has-foreground-color has-text-color has-link-color wp-elements-985918935278900a48eafb64652857b6 tw-block-animation tw-animation-fade-in\">Oz\u00f3n pachy nezakr\u00fdva, ale skuto\u010dne ich rozklad\u00e1. \u010ci u\u017e ide o cigaretov\u00fd dym, z\u00e1pach po zvierat\u00e1ch alebo zatuchlinu \u2013 v\u0161etko zmizne. D\u00f4le\u017eit\u00e9 je v\u0161ak odstr\u00e1ni\u0165 aj samotn\u00fd zdroj.<\/p>\n\n\n\n<h3 class=\"wp-block-heading tw-block-animation tw-animation-fade-in-up\">\ud83d\udc1c <strong>Hmyz a hlodavce<\/strong><\/h3>\n\n\n\n<p class=\"has-foreground-color has-text-color has-link-color wp-elements-17b942e25a46e0e22a5bcb25b8c73fa6 tw-block-animation tw-animation-fade-in\">Pravideln\u00e9 oz\u00f3novanie zni\u017euje v\u00fdskyt v\u0161etk\u00fdch druhov hmyzu a nar\u00fa\u0161a prostredie, v ktorom by sa c\u00edtili ako doma \u2013 ide\u00e1lne pre sklady, chaty \u010di pivnice.<\/p>\n\n\n\n<h3 class=\"wp-block-heading tw-block-animation tw-animation-fade-in-up\">\ud83d\udd77\ufe0f <strong>Rozto\u010de<\/strong><\/h3>\n\n\n\n<p class=\"has-foreground-color has-text-color has-link-color wp-elements-355db2d194d274db36601c553fef0c7a tw-block-animation tw-animation-fade-in\">Tieto mikroskopick\u00e9 potvory \u017eij\u00fa z odumretej ko\u017ee a m\u00f4\u017eu sp\u00f4sobova\u0165 alergie \u010di astmu. Oz\u00f3n ich spo\u013eahlivo likviduje aj pri n\u00edzkych koncentr\u00e1ci\u00e1ch.<\/p>\n\n\n\n<h3 class=\"wp-block-heading tw-block-animation tw-animation-fade-in-up\">\u2623\ufe0f <strong>Toxick\u00e9 l\u00e1tky<\/strong><\/h3>\n\n\n\n<p class=\"has-text-align-left gutenify-section-600d6c10-0c0b-11ee-b09c-4b7018a9c015 has-foreground-color has-text-color has-link-color wp-elements-adae22c52dfb915f6e756a58e0fe62c6 tw-block-animation tw-animation-fade-in\">Lepidl\u00e1, rozp\u00fa\u0161\u0165adl\u00e1, farby \u2013 mnoh\u00e9 be\u017en\u00e9 l\u00e1tky uvo\u013e\u0148uj\u00fa nebezpe\u010dn\u00e9 v\u00fdpary. Oz\u00f3n tieto v\u00fdpary neutralizuje a premie\u0148a ich na ne\u0161kodn\u00e9 zlo\u017eky, \u010d\u00edm chr\u00e1ni zdravie \u013eud\u00ed aj zvierat.<\/p>\n\n\n\n<div class=\"wp-block-group gutenify-section-bd5ed680-e427-11ed-aa12-7b96afc3ead5 is-layout-constrained wp-block-group-is-layout-constrained\">\n<div class=\"wp-block-buttons gutenify-section-bd5e6150-e427-11ed-aa12-7b96afc3ead5 is-content-justification-left is-layout-flex wp-container-core-buttons-is-layout-cf27a859 wp-block-buttons-is-layout-flex tw-block-animation tw-animation-fade-in-up\" style=\"margin-top:35px;margin-bottom:20px\">\n<div class=\"wp-block-button is-style-fill gutenify-section-bd5e3a40-e427-11ed-aa12-7b96afc3ead5\"><a class=\"wp-block-button__link wp-element-button\" href=\"https:\/\/dekarbo-trnava.sk\/index.php\/kontakt\/\">Kontaktova\u0165<\/a><\/div>\n<\/div>\n<\/div>\n<\/div>\n\n\n\n<div class=\"wp-block-group alignfull has-no-underline is-layout-constrained wp-container-core-group-is-layout-6094b662 wp-block-group-is-layout-constrained\" style=\"margin-top:0;margin-bottom:0;padding-top:0;padding-right:0;padding-bottom:0;padding-left:0\">\n<div class=\"wp-block-group alignfull gutenify-section-342c0770-27a2-11ee-9113-49ce8869de8c has-background-background-color has-background is-layout-constrained wp-container-core-group-is-layout-da976f36 wp-block-group-is-layout-constrained\" style=\"padding-top:0px;padding-right:0px;padding-bottom:0px;padding-left:0px\">\n<div class=\"wp-block-group alignfull gutenify-section-6017f360-0c0b-11ee-b09c-4b7018a9c015 is-layout-constrained wp-container-core-group-is-layout-955c507f wp-block-group-is-layout-constrained\" style=\"padding-top:100px;padding-right:30px;padding-bottom:100px;padding-left:30px\">\n<div class=\"wp-block-columns alignwide gutenify-section-600fdd10-0c0b-11ee-b09c-4b7018a9c015 is-layout-flex wp-container-core-columns-is-layout-46db858a wp-block-columns-is-layout-flex\" style=\"padding-top:0;padding-right:0;padding-bottom:0;padding-left:0\">\n<div class=\"wp-block-column is-vertically-aligned-center grayscale gutenify-section-600c0c80-0c0b-11ee-b09c-4b7018a9c015 is-layout-flow wp-block-column-is-layout-flow\" style=\"flex-basis:50%\">\n<div class=\"wp-block-cover is-light has-custom-content-position is-position-bottom-left gutenify-section-bd5b2d00-e427-11ed-aa12-7b96afc3ead5 tw-sm-hidden tw-block-animation tw-animation-wipe-left\" style=\"border-radius:12px;padding-top:var(--wp--preset--spacing--50);padding-right:var(--wp--preset--spacing--50);padding-bottom:var(--wp--preset--spacing--50);padding-left:var(--wp--preset--spacing--50);min-height:734px;aspect-ratio:unset;\"><img decoding=\"async\" width=\"350\" height=\"350\" sizes=\"(max-width: 799px) 200vw, (max-width: 350px) 100vw, 350px\" class=\"wp-block-cover__image-background wp-image-417 size-full\" alt=\"\" src=\"https:\/\/dekarbo-trnava.sk\/wp-content\/uploads\/2025\/10\/61Q-g6cdkpL._UF350350_QL80_.jpg\" data-object-fit=\"cover\" srcset=\"https:\/\/dekarbo-trnava.sk\/wp-content\/uploads\/2025\/10\/61Q-g6cdkpL._UF350350_QL80_.jpg 350w, https:\/\/dekarbo-trnava.sk\/wp-content\/uploads\/2025\/10\/61Q-g6cdkpL._UF350350_QL80_-300x300.jpg 300w, https:\/\/dekarbo-trnava.sk\/wp-content\/uploads\/2025\/10\/61Q-g6cdkpL._UF350350_QL80_-150x150.jpg 150w\" \/><span aria-hidden=\"true\" class=\"wp-block-cover__background has-background-dim-0 has-background-dim has-background-gradient\" style=\"background-color:#c0c1c2;background:linear-gradient(270deg,rgba(0,0,0,0) 88%,rgb(255,255,255) 88%)\"><\/span><div class=\"wp-block-cover__inner-container is-layout-flow wp-block-cover-is-layout-flow\">\n<p class=\"has-text-align-center has-large-font-size\"><\/p>\n<\/div><\/div>\n<\/div>\n\n\n\n<div class=\"wp-block-column is-vertically-aligned-center gutenify-section-600f67e0-0c0b-11ee-b09c-4b7018a9c015 is-layout-flow wp-block-column-is-layout-flow\" style=\"padding-top:40px;padding-right:40px;padding-bottom:40px;padding-left:40px\">\n<div class=\"wp-block-group alignwide gutenify-section-600ef2b0-0c0b-11ee-b09c-4b7018a9c015 is-layout-constrained wp-container-core-group-is-layout-26420631 wp-block-group-is-layout-constrained\">\n<h2 class=\"wp-block-heading gutenify-section-600d1df0-0c0b-11ee-b09c-4b7018a9c015 has-slider-title-font-size tw-block-animation tw-animation-fade-in-up\" style=\"font-style:normal;font-weight:600;text-transform:capitalize\">Dezinfekcia vozidla ultrazvukom<\/h2>\n\n\n\n<p class=\"gutenify-section-600d6c10-0c0b-11ee-b09c-4b7018a9c015 has-foreground-color has-text-color has-link-color wp-elements-7ec528b61fe67e02c023092e3e41abf6 tw-block-animation tw-animation-fade-in\">Ultrazvukov\u00e1 dezinfekcia je modern\u00fd sp\u00f4sob, ako efekt\u00edvne pre\u010disti\u0165 klimatiz\u00e1ciu a interi\u00e9r vozidla od bakt\u00e9ri\u00ed, plesn\u00ed a z\u00e1pachov.<\/p>\n\n\n\n<p class=\"gutenify-section-600d6c10-0c0b-11ee-b09c-4b7018a9c015 has-foreground-color has-text-color has-link-color wp-elements-4547cb3ca802649a5b4b84f88a15b3d0 tw-block-animation tw-animation-fade-in\"><br>\u0160peci\u00e1lne antibakteri\u00e1lne \u010dinidlo sa pomocou ultrazvukov\u00e9ho gener\u00e1tora premen\u00ed na jemn\u00fa hmlu, ktor\u00e1 prenikne aj do nedostupn\u00fdch miest ventil\u00e1cie a klimatiza\u010dn\u00fdch rozvodov.<\/p>\n\n\n\n<p class=\"gutenify-section-600d6c10-0c0b-11ee-b09c-4b7018a9c015 has-foreground-color has-text-color has-link-color wp-elements-301a28022f31968d6f12beefce1cbcc4 tw-block-animation tw-animation-fade-in\"><br>Je \u0161etrn\u00e1 k povrchom, bezpe\u010dn\u00e1 pre pos\u00e1dku a ide\u00e1lna na pravideln\u00fa hygienu vozidla \u2013 najm\u00e4 pre alergikov a citliv\u00fdch pasa\u017eierov.<\/p>\n\n\n\n<div class=\"wp-block-group gutenify-section-bd5ed680-e427-11ed-aa12-7b96afc3ead5 is-layout-constrained wp-block-group-is-layout-constrained tw-block-animation tw-animation-fade-in-up\">\n<div class=\"wp-block-buttons gutenify-section-bd5e6150-e427-11ed-aa12-7b96afc3ead5 is-content-justification-left is-layout-flex wp-container-core-buttons-is-layout-cf27a859 wp-block-buttons-is-layout-flex\" style=\"margin-top:35px;margin-bottom:20px\">\n<div class=\"wp-block-button is-style-fill gutenify-section-bd5e3a40-e427-11ed-aa12-7b96afc3ead5\"><a class=\"wp-block-button__link wp-element-button\" href=\"https:\/\/dekarbo-trnava.sk\/index.php\/kontakt\/\">Kontaktova\u0165<\/a><\/div>\n<\/div>\n<\/div>\n<\/div>\n\n\n\n<div style=\"height:236px\" aria-hidden=\"true\" class=\"wp-block-spacer\"><\/div>\n<\/div>\n<\/div>\n<\/div>\n\n\n\n<div class=\"wp-block-columns alignwide overlap-section gutenify-section-342b6b30-27a2-11ee-9113-49ce8869de8c is-layout-flex wp-container-core-columns-is-layout-ebb8ea9d wp-block-columns-is-layout-flex\" style=\"margin-top:-160px\">\n<div class=\"wp-block-column gutenify-section-3421ce40-27a2-11ee-9113-49ce8869de8c has-background is-layout-flow wp-block-column-is-layout-flow\" style=\"background-color:#ffb25900\">\n<div class=\"wp-block-group has-no-hover-shadow-dark gutenify-section-34218020-27a2-11ee-9113-49ce8869de8c has-background-background-color has-background has-link-color wp-elements-d4951dbed7230e290f635ed0152609c5 is-layout-flow wp-container-core-group-is-layout-d522b09c wp-block-group-is-layout-flow\" style=\"border-style:none;border-width:0px;border-radius:0px;padding-top:60px;padding-right:50px;padding-bottom:60px;padding-left:50px\">\n<div class=\"wp-block-group gutenify-section-341f8450-27a2-11ee-9113-49ce8869de8c is-content-justification-center is-nowrap is-layout-flex wp-container-core-group-is-layout-ea4f3eb7 wp-block-group-is-layout-flex tw-block-animation tw-animation-fade-in-up\" style=\"padding-bottom:10px\">\n<div class=\"wp-block-group gutenify-section-341ee810-27a2-11ee-9113-49ce8869de8c has-primary-background-color has-background is-content-justification-center is-nowrap is-layout-flex wp-container-core-group-is-layout-6cf3bcff wp-block-group-is-layout-flex\" style=\"border-style:none;border-width:0px;border-radius:10px;padding-top:var(--wp--preset--spacing--40);padding-right:var(--wp--preset--spacing--40);padding-bottom:var(--wp--preset--spacing--40);padding-left:var(--wp--preset--spacing--40)\">\n<figure class=\"wp-block-image alignleft size-full is-resized gutenify-section-4bb0d790-27a2-11ee-9113-49ce8869de8c wp-duotone-unset-1\"><img decoding=\"async\" width=\"400\" height=\"400\" src=\"https:\/\/dekarbo-trnava.sk\/wp-content\/uploads\/2025\/06\/wired-flat-860-electric-car-hover-pinch.gif\" alt=\"\" class=\"wp-image-206\" style=\"width:48px;height:48px\"\/><\/figure>\n<\/div>\n<\/div>\n\n\n\n<div class=\"wp-block-group gutenify-section-342047a0-27a2-11ee-9113-49ce8869de8c is-layout-flow wp-container-core-group-is-layout-fe0e2ea3 wp-block-group-is-layout-flow\">\n<h3 class=\"wp-block-heading has-text-align-center gutenify-section-341fd270-27a2-11ee-9113-49ce8869de8c has-foreground-color has-text-color has-link-color wp-elements-7775ac73bfd8d944d2aed8c42a8bcab5 tw-block-animation tw-animation-fade-in-up\" style=\"font-style:normal;font-weight:600;text-transform:capitalize\">\u010cistenie interi\u00e9rov vozidiel oz\u00f3nom<\/h3>\n<\/div>\n\n\n\n<p class=\"has-text-align-center gutenify-section-3420bcd0-27a2-11ee-9113-49ce8869de8c has-body-text-color has-text-color tw-block-animation tw-animation-fade-in\">Dokonale vydezinfikujeme v\u00e1\u0161 interi\u00e9r \u2013 bez chemik\u00e1li\u00ed, len pomocou oz\u00f3nu.<br>Proces trv\u00e1 minim\u00e1lne 20 min\u00fat, n\u00e1sledne odpor\u00fa\u010dame 20 min\u00fat vetrania.<br>Pri silnej\u0161om zne\u010disten\u00ed m\u00f4\u017ee \u010distenie trva\u0165 a\u017e 60 min\u00fat, aby sme dosiahli maxim\u00e1lny efekt.<\/p>\n\n\n\n<div style=\"height:8px\" aria-hidden=\"true\" class=\"wp-block-spacer\"><\/div>\n<\/div>\n<\/div>\n\n\n\n<div class=\"wp-block-column gutenify-section-342af600-27a2-11ee-9113-49ce8869de8c has-background is-layout-flow wp-block-column-is-layout-flow\" style=\"background-color:#ffb25900\">\n<div class=\"wp-block-group has-no-hover-shadow-dark gutenify-section-342a80d0-27a2-11ee-9113-49ce8869de8c has-background-background-color has-background has-link-color wp-elements-a947326f81d7b05d2723d3d6dcb80409 is-layout-flow wp-container-core-group-is-layout-d522b09c wp-block-group-is-layout-flow\" style=\"border-style:none;border-width:0px;border-radius:0px;padding-top:60px;padding-right:50px;padding-bottom:60px;padding-left:50px\">\n<div class=\"wp-block-group gutenify-section-34280fd0-27a2-11ee-9113-49ce8869de8c is-content-justification-center is-nowrap is-layout-flex wp-container-core-group-is-layout-ea4f3eb7 wp-block-group-is-layout-flex tw-block-animation tw-animation-fade-in-up\" style=\"padding-bottom:10px\">\n<div class=\"wp-block-group gutenify-section-34279aa0-27a2-11ee-9113-49ce8869de8c has-primary-background-color has-background is-content-justification-center is-nowrap is-layout-flex wp-container-core-group-is-layout-6cf3bcff wp-block-group-is-layout-flex\" style=\"border-style:none;border-width:0px;border-radius:10px;padding-top:var(--wp--preset--spacing--40);padding-right:var(--wp--preset--spacing--40);padding-bottom:var(--wp--preset--spacing--40);padding-left:var(--wp--preset--spacing--40)\">\n<figure class=\"wp-block-image size-full is-resized gutenify-section-3426fe60-27a2-11ee-9113-49ce8869de8c wp-duotone-unset-2\"><img loading=\"lazy\" decoding=\"async\" width=\"400\" height=\"400\" src=\"https:\/\/dekarbo-trnava.sk\/wp-content\/uploads\/2025\/06\/wired-flat-63-home-morph-mantion.gif\" alt=\"\" class=\"wp-image-207\" style=\"width:48px;height:48px\"\/><\/figure>\n<\/div>\n<\/div>\n\n\n\n<div class=\"wp-block-group gutenify-section-3428fa30-27a2-11ee-9113-49ce8869de8c is-layout-flow wp-container-core-group-is-layout-fe0e2ea3 wp-block-group-is-layout-flow\">\n<h3 class=\"wp-block-heading has-text-align-center gutenify-section-34288500-27a2-11ee-9113-49ce8869de8c has-foreground-color has-text-color has-link-color wp-elements-dc86753cc75b7c26668ad83cde79958b tw-block-animation tw-animation-fade-in-up\" style=\"font-style:normal;font-weight:600;text-transform:capitalize\">\u010cistenie dom\u00e1cnost\u00ed a in\u00fdch priestorov<\/h3>\n<\/div>\n\n\n\n<p class=\"has-text-align-center gutenify-section-34294850-27a2-11ee-9113-49ce8869de8c has-body-text-color has-text-color tw-block-animation tw-animation-fade-in\">Oz\u00f3n spo\u013eahlivo dezinfikuje uzavret\u00e9 priestory \u2013 byty, kancel\u00e1rie, sklady aj prev\u00e1dzky.<br>Zni\u010d\u00ed bakt\u00e9rie, v\u00edrusy, rozto\u010de aj pachy bez po\u0161kodenia n\u00e1bytku \u010di povrchov.<br>D\u013a\u017eka \u010distenia z\u00e1vis\u00ed od ve\u013ekosti priestoru \u2013 v\u017edy v\u0161ak prebieha \u0161etrne a d\u00f4kladne.<\/p>\n<\/div>\n<\/div>\n<\/div>\n\n\n\n<div class=\"wp-block-buttons is-content-justification-center is-layout-flex wp-container-core-buttons-is-layout-a89b3969 wp-block-buttons-is-layout-flex tw-block-animation tw-animation-fade-in-up\">\n<div class=\"wp-block-button\"><a class=\"wp-block-button__link wp-element-button\" href=\"https:\/\/dekarbo-trnava.sk\/index.php\/kontakt\/\">Kontaktova\u0165<\/a><\/div>\n<\/div>\n<\/div>\n<\/div>\n<\/div>\n<\/div>\n<\/div>\n","protected":false},"excerpt":{"rendered":"<p>Zbavte svoje vozidlo bakt\u00e9ri\u00ed, v\u00edrusov, plesn\u00ed aj nepr\u00edjemn\u00fdch pachov \u2013 \u00fa\u010dinne, ekologicky a bez ch\u00e9mie.Oz\u00f3nov\u00e1 [&hellip;]<\/p>\n","protected":false},"author":1,"featured_media":0,"parent":0,"menu_order":0,"comment_status":"closed","ping_status":"closed","template":"","meta":{"footnotes":""},"class_list":["post-187","page","type-page","status-publish","hentry"],"_links":{"self":[{"href":"https:\/\/dekarbo-trnava.sk\/index.php\/wp-json\/wp\/v2\/pages\/187","targetHints":{"allow":["GET"]}}],"collection":[{"href":"https:\/\/dekarbo-trnava.sk\/index.php\/wp-json\/wp\/v2\/pages"}],"about":[{"href":"https:\/\/dekarbo-trnava.sk\/index.php\/wp-json\/wp\/v2\/types\/page"}],"author":[{"embeddable":true,"href":"https:\/\/dekarbo-trnava.sk\/index.php\/wp-json\/wp\/v2\/users\/1"}],"replies":[{"embeddable":true,"href":"https:\/\/dekarbo-trnava.sk\/index.php\/wp-json\/wp\/v2\/comments?post=187"}],"version-history":[{"count":36,"href":"https:\/\/dekarbo-trnava.sk\/index.php\/wp-json\/wp\/v2\/pages\/187\/revisions"}],"predecessor-version":[{"id":418,"href":"https:\/\/dekarbo-trnava.sk\/index.php\/wp-json\/wp\/v2\/pages\/187\/revisions\/418"}],"wp:attachment":[{"href":"https:\/\/dekarbo-trnava.sk\/index.php\/wp-json\/wp\/v2\/media?parent=187"}],"curies":[{"name":"wp","href":"https:\/\/api.w.org\/{rel}","templated":true}]}}