{"id":163,"date":"2025-06-21T06:51:04","date_gmt":"2025-06-21T06:51:04","guid":{"rendered":"https:\/\/www.vestral.sk\/dekarbo\/?page_id=163"},"modified":"2026-03-01T15:16:56","modified_gmt":"2026-03-01T15:16:56","slug":"chiptuning","status":"publish","type":"page","link":"https:\/\/dekarbo-trnava.sk\/index.php\/chiptuning\/","title":{"rendered":"Chiptuning"},"content":{"rendered":"\n<div class=\"wp-block-group alignfull gutenify-section-56f6e3e0-2556-11ee-8dc3-89f12edb89a5 has-background-background-color has-background is-layout-constrained wp-container-core-group-is-layout-bfea4d22 wp-block-group-is-layout-constrained\" style=\"margin-top:0rem;margin-bottom:0rem;padding-top:100px;padding-right:30px;padding-bottom:100px;padding-left:30px\">\n<div class=\"wp-block-columns alignwide are-vertically-aligned-center gutenify-section-56f6bcd0-2556-11ee-8dc3-89f12edb89a5 is-layout-flex wp-container-core-columns-is-layout-7e518f8b wp-block-columns-is-layout-flex\">\n<div class=\"wp-block-column is-vertically-aligned-center gutenify-section-56f647a0-2556-11ee-8dc3-89f12edb89a5 is-layout-flow wp-block-column-is-layout-flow\">\n<div class=\"wp-block-group alignwide gutenify-section-570d5210-2556-11ee-8dc3-89f12edb89a5 is-layout-constrained wp-container-core-group-is-layout-26420631 wp-block-group-is-layout-constrained\">\n<h2 class=\"wp-block-heading gutenify-section-570ae110-2556-11ee-8dc3-89f12edb89a5 has-slider-title-font-size tw-block-animation tw-animation-fade-in-up\" style=\"font-style:normal;font-weight:600;text-transform:capitalize\">\u010co je to Chiptuning?<\/h2>\n\n\n\n<div class=\"wp-block-group gutenify-section-570d03f0-2556-11ee-8dc3-89f12edb89a5 is-layout-constrained wp-block-group-is-layout-constrained\">\n<ul style=\"line-height:2.5\" class=\"wp-block-list gutenify-list-style-five gutenify-section-570c40a0-2556-11ee-8dc3-89f12edb89a5 has-foreground-color has-text-color\">\n<li class=\"gutenify-section-570b7d50-2556-11ee-8dc3-89f12edb89a5 tw-block-animation tw-animation-fade-in\">chiptuning je zv\u00fd\u0161enie v\u00fdkonu motora pomocou softv\u00e9rovej \u00fapravy v riadiacej jednotke (ECU)<\/li>\n\n\n\n<li class=\"gutenify-section-570b7d50-2556-11ee-8dc3-89f12edb89a5 tw-block-animation tw-animation-fade-in\">pri takejto \u00faprave sa zmenia niektor\u00e9 parametre motora ako napr\u00edklad d\u013a\u017eka vstreku paliva alebo plniaci tlak turba<\/li>\n\n\n\n<li class=\"gutenify-section-570b7d50-2556-11ee-8dc3-89f12edb89a5 tw-block-animation tw-animation-fade-in\">\u010dipovan\u00edm auta sa zv\u00fd\u0161i v\u00fdkon motora a zmen\u0161\u00ed spotreba paliva<\/li>\n\n\n\n<li class=\"gutenify-section-570b7d50-2556-11ee-8dc3-89f12edb89a5 tw-block-animation tw-animation-fade-in\">\u010dipovan\u00edm sa motor nepo\u0161kod\u00ed a sp\u013a\u0148al emisn\u00e9 normy<\/li>\n<\/ul>\n\n\n\n<h2 class=\"wp-block-heading has-slider-title-font-size tw-block-animation tw-animation-fade-in-up\">\u00daprava Softv\u00e9ru DSG Prevodoviek<\/h2>\n\n\n\n<p class=\"has-secondary-two-color has-text-color has-link-color wp-elements-37f0981913fbd94edd000e2f36ed7298 tw-block-animation tw-animation-fade-in\">Hlavn\u00fd d\u00f4vod pre\u010do upravi\u0165 soft prevodovky- posunutie bodov radenia tak, aby motor nemal n\u00edzke ot\u00e1\u010dky (jazda v meste)<\/p>\n\n\n\n<h2 class=\"wp-block-heading has-slider-title-font-size\">\u010eal\u0161ie \u00dapravy Softv\u00e9ru<\/h2>\n\n\n\n<ul style=\"line-height:2.5\" class=\"wp-block-list gutenify-list-style-five gutenify-section-570c40a0-2556-11ee-8dc3-89f12edb89a5 has-foreground-color has-text-color\">\n<li class=\"gutenify-section-570b7d50-2556-11ee-8dc3-89f12edb89a5 tw-block-animation tw-animation-fade-in\">Oprava tepl\u00fdch \u0161tartov TDI<\/li>\n\n\n\n<li>Oprava DPF, EGR a AdBlue<\/li>\n\n\n\n<li>A in\u00e9 <a href=\"https:\/\/www.evc.de\/en\/check_evc_license.asp?k=iNnx5A22%2bPSX2k%2bfX8%2fu1w%3d%3d\" target=\"_blank\" rel=\"noreferrer noopener\"><\/a><\/li>\n<\/ul>\n\n\n\n<div class=\"wp-block-buttons gutenify-section-570cdce0-2556-11ee-8dc3-89f12edb89a5 is-content-justification-left is-layout-flex wp-container-core-buttons-is-layout-cf27a859 wp-block-buttons-is-layout-flex tw-block-animation tw-animation-fade-in-up\" style=\"margin-top:35px;margin-bottom:20px\">\n<div class=\"wp-block-button\"><a class=\"wp-block-button__link wp-element-button\" href=\"https:\/\/dekarbo-trnava.sk\/index.php\/kontakt\/\">Kontakt<\/a><\/div>\n<\/div>\n<\/div>\n<\/div>\n<\/div>\n\n\n\n<div class=\"wp-block-column is-vertically-aligned-center gutenify-section-56f695c1-2556-11ee-8dc3-89f12edb89a5 is-layout-flow wp-block-column-is-layout-flow\" style=\"border-style:none;border-width:0px\">\n<figure class=\"wp-block-image alignfull size-full has-custom-border is-style-default wp-duotone-unset-1 tw-block-animation tw-animation-wipe-right\"><img fetchpriority=\"high\" decoding=\"async\" width=\"1900\" height=\"858\" src=\"https:\/\/dekarbo-trnava.sk\/wp-content\/uploads\/2025\/06\/dekarbo_dsgcervene.webp\" alt=\"\" class=\"wp-image-167\" style=\"border-radius:12px\" srcset=\"https:\/\/dekarbo-trnava.sk\/wp-content\/uploads\/2025\/06\/dekarbo_dsgcervene.webp 1900w, https:\/\/dekarbo-trnava.sk\/wp-content\/uploads\/2025\/06\/dekarbo_dsgcervene-300x135.webp 300w, https:\/\/dekarbo-trnava.sk\/wp-content\/uploads\/2025\/06\/dekarbo_dsgcervene-1024x462.webp 1024w, https:\/\/dekarbo-trnava.sk\/wp-content\/uploads\/2025\/06\/dekarbo_dsgcervene-768x347.webp 768w, https:\/\/dekarbo-trnava.sk\/wp-content\/uploads\/2025\/06\/dekarbo_dsgcervene-1536x694.webp 1536w\" sizes=\"(max-width: 1900px) 100vw, 1900px\" \/><\/figure>\n\n\n\n<figure class=\"wp-block-image size-full has-custom-border\"><img decoding=\"async\" width=\"600\" height=\"338\" src=\"https:\/\/dekarbo-trnava.sk\/wp-content\/uploads\/2025\/10\/468918367_1161649702629989_3868996180020216936_n-4.jpeg\" alt=\"\" class=\"wp-image-435\" style=\"border-radius:12px\" srcset=\"https:\/\/dekarbo-trnava.sk\/wp-content\/uploads\/2025\/10\/468918367_1161649702629989_3868996180020216936_n-4.jpeg 600w, https:\/\/dekarbo-trnava.sk\/wp-content\/uploads\/2025\/10\/468918367_1161649702629989_3868996180020216936_n-4-300x169.jpeg 300w\" sizes=\"(max-width: 600px) 100vw, 600px\" \/><\/figure>\n\n\n\n<div class=\"wp-block-group is-style-box-shadow-one gutenify-section-56f695c0-2556-11ee-8dc3-89f12edb89a5 is-layout-flow wp-block-group-is-layout-flow\" style=\"border-radius:12px\"><\/div>\n<\/div>\n<\/div>\n<\/div>\n\n\n\n<figure class=\"wp-block-image size-full\"><img decoding=\"async\" width=\"472\" height=\"118\" src=\"https:\/\/dekarbo-trnava.sk\/wp-content\/uploads\/2026\/03\/check_evc_license_image.png\" alt=\"\" class=\"wp-image-644\" srcset=\"https:\/\/dekarbo-trnava.sk\/wp-content\/uploads\/2026\/03\/check_evc_license_image.png 472w, https:\/\/dekarbo-trnava.sk\/wp-content\/uploads\/2026\/03\/check_evc_license_image-300x75.png 300w\" sizes=\"(max-width: 472px) 100vw, 472px\" \/><\/figure>\n","protected":false},"excerpt":{"rendered":"<p>\u010co je to Chiptuning? \u00daprava Softv\u00e9ru DSG Prevodoviek Hlavn\u00fd d\u00f4vod pre\u010do upravi\u0165 soft prevodovky- posunutie [&hellip;]<\/p>\n","protected":false},"author":1,"featured_media":0,"parent":0,"menu_order":0,"comment_status":"closed","ping_status":"closed","template":"","meta":{"footnotes":""},"class_list":["post-163","page","type-page","status-publish","hentry"],"_links":{"self":[{"href":"https:\/\/dekarbo-trnava.sk\/index.php\/wp-json\/wp\/v2\/pages\/163","targetHints":{"allow":["GET"]}}],"collection":[{"href":"https:\/\/dekarbo-trnava.sk\/index.php\/wp-json\/wp\/v2\/pages"}],"about":[{"href":"https:\/\/dekarbo-trnava.sk\/index.php\/wp-json\/wp\/v2\/types\/page"}],"author":[{"embeddable":true,"href":"https:\/\/dekarbo-trnava.sk\/index.php\/wp-json\/wp\/v2\/users\/1"}],"replies":[{"embeddable":true,"href":"https:\/\/dekarbo-trnava.sk\/index.php\/wp-json\/wp\/v2\/comments?post=163"}],"version-history":[{"count":22,"href":"https:\/\/dekarbo-trnava.sk\/index.php\/wp-json\/wp\/v2\/pages\/163\/revisions"}],"predecessor-version":[{"id":645,"href":"https:\/\/dekarbo-trnava.sk\/index.php\/wp-json\/wp\/v2\/pages\/163\/revisions\/645"}],"wp:attachment":[{"href":"https:\/\/dekarbo-trnava.sk\/index.php\/wp-json\/wp\/v2\/media?parent=163"}],"curies":[{"name":"wp","href":"https:\/\/api.w.org\/{rel}","templated":true}]}}